{"id":343,"date":"2020-11-10T18:38:39","date_gmt":"2020-11-10T18:38:39","guid":{"rendered":"https:\/\/demosites.io\/digital-store-gb\/?page_id=343"},"modified":"2020-11-10T18:38:39","modified_gmt":"2020-11-10T18:38:39","slug":"5c40f-orders-and-shipping","status":"publish","type":"page","link":"https:\/\/test.katircioglumimarlik.com\/index.php\/5c40f-orders-and-shipping\/","title":{"rendered":"Orders and Shipping"},"content":{"rendered":"\n<p>The outcome in Brussels today signals a tough road ahead to secure commitments on climate action not only from European nations, but from other big polluters as well. New president of the European Commission Ursula von der Leyen just released the EU\u2019s Green Deal on December 11, a sweeping package of policy proposals aimed at drastically reducing emissions by 2050. Her announcement followed the November declaration by the European Parliament of a \u201cclimate emergency\u201d \u2014 a phrase that activists with Greenpeace hung from the building where the Council met in Brussels.<\/p>\n\n\n\n<h2>Privacy and Cookies<\/h2>\n\n\n\n<p>These companies are partners with NASA through the agency\u2019s Commercial Lunar Payload Services (CLPS) initiative. CLPS is the first phase of NASA\u2019s Artemis program, the agency\u2019s initiative to send the first woman and the next man to the Moon. But CLPS is focused on robotic vehicles and science, rather than human spaceflight. The goal is to send instruments and science experiments to the surface of the Moon using commercial landers that are developed and operated by private companies.<\/p>\n\n\n\n<p>The outcome in Brussels today signals a tough road ahead to secure commitments on climate action not only from European nations, but from other big polluters as well. New president of the European Commission Ursula von der Leyen just released the EU\u2019s Green Deal on December 11, a sweeping package of policy proposals aimed at drastically reducing emissions by 2050. Her announcement followed the November declaration by the European Parliament of a \u201cclimate emergency\u201d \u2014 a phrase that activists with Greenpeace hung from the building where the Council met in Brussels.<\/p>\n\n\n\n<h2>Privacy and Cookies<\/h2>\n\n\n\n<p>These companies are partners with NASA through the agency\u2019s Commercial Lunar Payload Services (CLPS) initiative. CLPS is the first phase of NASA\u2019s Artemis program, the agency\u2019s initiative to send the first woman and the next man to the Moon. But CLPS is focused on robotic vehicles and science, rather than human spaceflight. The goal is to send instruments and science experiments to the surface of the Moon using commercial landers that are developed and operated by private companies.<\/p>\n","protected":false},"excerpt":{"rendered":"<p>The outcome in Brussels today signals a tough road ahead to secure commitments on climate action not only from European nations, but from other big polluters as well. New president of the European Commission Ursula von der Leyen just released the EU\u2019s Green Deal on December 11, a sweeping package of policy proposals aimed at&hellip;&nbsp;<a href=\"https:\/\/test.katircioglumimarlik.com\/index.php\/5c40f-orders-and-shipping\/\" class=\"\" rel=\"bookmark\">Daha fazlas\u0131n\u0131 oku &raquo;<span class=\"screen-reader-text\">Orders and Shipping<\/span><\/a><\/p>\n","protected":false},"author":1,"featured_media":0,"parent":0,"menu_order":0,"comment_status":"closed","ping_status":"closed","template":"","meta":{"neve_meta_sidebar":"","neve_meta_container":"","neve_meta_enable_content_width":"","neve_meta_content_width":0,"neve_meta_title_alignment":"","neve_meta_author_avatar":"","neve_post_elements_order":"","neve_meta_disable_header":"","neve_meta_disable_footer":"","neve_meta_disable_title":"","_ti_tpc_template_sync":false,"_ti_tpc_template_id":""},"yoast_head":"<!-- This site is optimized with the Yoast SEO plugin v18.5.1 - https:\/\/yoast.com\/wordpress\/plugins\/seo\/ -->\n<title>Orders and Shipping - Kat\u0131rc\u0131o\u011flu Mimarl\u0131k<\/title>\n<meta name=\"robots\" content=\"index, follow, max-snippet:-1, max-image-preview:large, max-video-preview:-1\" \/>\n<link rel=\"canonical\" href=\"https:\/\/test.katircioglumimarlik.com\/index.php\/5c40f-orders-and-shipping\/\" \/>\n<meta property=\"og:locale\" content=\"tr_TR\" \/>\n<meta property=\"og:type\" content=\"article\" \/>\n<meta property=\"og:title\" content=\"Orders and Shipping - Kat\u0131rc\u0131o\u011flu Mimarl\u0131k\" \/>\n<meta property=\"og:description\" content=\"The outcome in Brussels today signals a tough road ahead to secure commitments on climate action not only from European nations, but from other big polluters as well. New president of the European Commission Ursula von der Leyen just released the EU\u2019s Green Deal on December 11, a sweeping package of policy proposals aimed at&hellip;&nbsp;Daha fazlas\u0131n\u0131 oku &raquo;Orders and Shipping\" \/>\n<meta property=\"og:url\" content=\"https:\/\/test.katircioglumimarlik.com\/index.php\/5c40f-orders-and-shipping\/\" \/>\n<meta property=\"og:site_name\" content=\"Kat\u0131rc\u0131o\u011flu Mimarl\u0131k\" \/>\n<meta name=\"twitter:card\" content=\"summary_large_image\" \/>\n<meta name=\"twitter:label1\" content=\"Tahmini okuma s\u00fcresi\" \/>\n\t<meta name=\"twitter:data1\" content=\"2 dakika\" \/>\n<script type=\"application\/ld+json\" class=\"yoast-schema-graph\">{\"@context\":\"https:\/\/schema.org\",\"@graph\":[{\"@type\":\"WebSite\",\"@id\":\"https:\/\/test.katircioglumimarlik.com\/#website\",\"url\":\"https:\/\/test.katircioglumimarlik.com\/\",\"name\":\"Kat\u0131rc\u0131o\u011flu Mimarl\u0131k\",\"description\":\"Just another WordPress site\",\"potentialAction\":[{\"@type\":\"SearchAction\",\"target\":{\"@type\":\"EntryPoint\",\"urlTemplate\":\"https:\/\/test.katircioglumimarlik.com\/?s={search_term_string}\"},\"query-input\":\"required name=search_term_string\"}],\"inLanguage\":\"tr\"},{\"@type\":\"WebPage\",\"@id\":\"https:\/\/test.katircioglumimarlik.com\/index.php\/5c40f-orders-and-shipping\/#webpage\",\"url\":\"https:\/\/test.katircioglumimarlik.com\/index.php\/5c40f-orders-and-shipping\/\",\"name\":\"Orders and Shipping - Kat\u0131rc\u0131o\u011flu Mimarl\u0131k\",\"isPartOf\":{\"@id\":\"https:\/\/test.katircioglumimarlik.com\/#website\"},\"datePublished\":\"2020-11-10T18:38:39+00:00\",\"dateModified\":\"2020-11-10T18:38:39+00:00\",\"breadcrumb\":{\"@id\":\"https:\/\/test.katircioglumimarlik.com\/index.php\/5c40f-orders-and-shipping\/#breadcrumb\"},\"inLanguage\":\"tr\",\"potentialAction\":[{\"@type\":\"ReadAction\",\"target\":[\"https:\/\/test.katircioglumimarlik.com\/index.php\/5c40f-orders-and-shipping\/\"]}]},{\"@type\":\"BreadcrumbList\",\"@id\":\"https:\/\/test.katircioglumimarlik.com\/index.php\/5c40f-orders-and-shipping\/#breadcrumb\",\"itemListElement\":[{\"@type\":\"ListItem\",\"position\":1,\"name\":\"Anasayfa\",\"item\":\"https:\/\/test.katircioglumimarlik.com\/\"},{\"@type\":\"ListItem\",\"position\":2,\"name\":\"Orders and Shipping\"}]}]}<\/script>\n<!-- \/ Yoast SEO plugin. -->","yoast_head_json":{"title":"Orders and Shipping - Kat\u0131rc\u0131o\u011flu Mimarl\u0131k","robots":{"index":"index","follow":"follow","max-snippet":"max-snippet:-1","max-image-preview":"max-image-preview:large","max-video-preview":"max-video-preview:-1"},"canonical":"https:\/\/test.katircioglumimarlik.com\/index.php\/5c40f-orders-and-shipping\/","og_locale":"tr_TR","og_type":"article","og_title":"Orders and Shipping - Kat\u0131rc\u0131o\u011flu Mimarl\u0131k","og_description":"The outcome in Brussels today signals a tough road ahead to secure commitments on climate action not only from European nations, but from other big polluters as well. New president of the European Commission Ursula von der Leyen just released the EU\u2019s Green Deal on December 11, a sweeping package of policy proposals aimed at&hellip;&nbsp;Daha fazlas\u0131n\u0131 oku &raquo;Orders and Shipping","og_url":"https:\/\/test.katircioglumimarlik.com\/index.php\/5c40f-orders-and-shipping\/","og_site_name":"Kat\u0131rc\u0131o\u011flu Mimarl\u0131k","twitter_card":"summary_large_image","twitter_misc":{"Tahmini okuma s\u00fcresi":"2 dakika"},"schema":{"@context":"https:\/\/schema.org","@graph":[{"@type":"WebSite","@id":"https:\/\/test.katircioglumimarlik.com\/#website","url":"https:\/\/test.katircioglumimarlik.com\/","name":"Kat\u0131rc\u0131o\u011flu Mimarl\u0131k","description":"Just another WordPress site","potentialAction":[{"@type":"SearchAction","target":{"@type":"EntryPoint","urlTemplate":"https:\/\/test.katircioglumimarlik.com\/?s={search_term_string}"},"query-input":"required name=search_term_string"}],"inLanguage":"tr"},{"@type":"WebPage","@id":"https:\/\/test.katircioglumimarlik.com\/index.php\/5c40f-orders-and-shipping\/#webpage","url":"https:\/\/test.katircioglumimarlik.com\/index.php\/5c40f-orders-and-shipping\/","name":"Orders and Shipping - Kat\u0131rc\u0131o\u011flu Mimarl\u0131k","isPartOf":{"@id":"https:\/\/test.katircioglumimarlik.com\/#website"},"datePublished":"2020-11-10T18:38:39+00:00","dateModified":"2020-11-10T18:38:39+00:00","breadcrumb":{"@id":"https:\/\/test.katircioglumimarlik.com\/index.php\/5c40f-orders-and-shipping\/#breadcrumb"},"inLanguage":"tr","potentialAction":[{"@type":"ReadAction","target":["https:\/\/test.katircioglumimarlik.com\/index.php\/5c40f-orders-and-shipping\/"]}]},{"@type":"BreadcrumbList","@id":"https:\/\/test.katircioglumimarlik.com\/index.php\/5c40f-orders-and-shipping\/#breadcrumb","itemListElement":[{"@type":"ListItem","position":1,"name":"Anasayfa","item":"https:\/\/test.katircioglumimarlik.com\/"},{"@type":"ListItem","position":2,"name":"Orders and Shipping"}]}]}},"_links":{"self":[{"href":"https:\/\/test.katircioglumimarlik.com\/index.php\/wp-json\/wp\/v2\/pages\/343"}],"collection":[{"href":"https:\/\/test.katircioglumimarlik.com\/index.php\/wp-json\/wp\/v2\/pages"}],"about":[{"href":"https:\/\/test.katircioglumimarlik.com\/index.php\/wp-json\/wp\/v2\/types\/page"}],"author":[{"embeddable":true,"href":"https:\/\/test.katircioglumimarlik.com\/index.php\/wp-json\/wp\/v2\/users\/1"}],"replies":[{"embeddable":true,"href":"https:\/\/test.katircioglumimarlik.com\/index.php\/wp-json\/wp\/v2\/comments?post=343"}],"version-history":[{"count":0,"href":"https:\/\/test.katircioglumimarlik.com\/index.php\/wp-json\/wp\/v2\/pages\/343\/revisions"}],"wp:attachment":[{"href":"https:\/\/test.katircioglumimarlik.com\/index.php\/wp-json\/wp\/v2\/media?parent=343"}],"curies":[{"name":"wp","href":"https:\/\/api.w.org\/{rel}","templated":true}]}}