{"id":318,"date":"2020-11-10T18:19:29","date_gmt":"2020-11-10T18:19:29","guid":{"rendered":"https:\/\/demosites.io\/digital-store-gb\/?post_type=product&amp;p=318"},"modified":"2020-11-10T18:19:29","modified_gmt":"2020-11-10T18:19:29","slug":"sky-view-6","status":"publish","type":"product","link":"https:\/\/test.katircioglumimarlik.com\/index.php\/product\/sky-view-6\/","title":{"rendered":"Sky view 6"},"content":{"rendered":"<p>Apple said its profit increased to $11. 52 billion in its most recent quarter, up nearly a third from the same period a year earlier, showing that the company\u2019s enormous business selling iPhones and other gadgets continues to breeze along. The strong results beat Wall Street estimates, sending the company\u2019s shares about 4 percent higher on Wednesday to a new record and for a market value of more than $950 billion.<\/p>\n<h2>Photo story<\/h2>\n<p>The secret Foreign Intelligence Surveillance Court (Fisa) granted the order to the FBI on April 25, giving the government unlimited authority to obtain the data for a specified three-month period ending on July 19. Under the terms of the blanket order, the numbers of both parties on a call are handed over, as is location data, call duration, unique identifiers, and the time and duration of all calls. The contents of the conversation itself are not covered.<\/p>\n<h3>Specifications<\/h3>\n<div class=\"z-nkg _25hJ5 _3QUjw\">Camera: SONY<\/div>\n<div class=\"z-nkg _25hJ5 _3QUjw\">Camera Model: ILCE-7M3<\/div>\n<div class=\"z-nkg _25hJ5 _3QUjw\">Focal Length: 23.0mm<\/div>\n<div class=\"z-nkg _25hJ5 _3QUjw\">Aperture: \u0192\/2.5<\/div>\n<div class=\"z-nkg _25hJ5 _3QUjw\">Shutter Speed: 1\/640s<\/div>\n<div class=\"z-nkg _25hJ5 _3QUjw\">ISO: 200<\/div>\n<div class=\"z-nkg _25hJ5 _3QUjw\">Dimensions: 4000 \u00d7 6000<\/div>\n","protected":false},"excerpt":{"rendered":"<p>Consectetur you probably haven\u2019t heard of them put a bird on it, nisi man braid cloud bread fugiat bicycle rights enim gochujang post-ironic. Small batch godard post-ironic brunch williamsburg.<\/p>\n<ul>\n<li>Print dimensions: <strong>1.5m x 90cm<\/strong><\/li>\n<li>Printed on photopaper<\/li>\n<\/ul>\n","protected":false},"featured_media":284,"comment_status":"open","ping_status":"closed","template":"","meta":{"neve_meta_sidebar":"","neve_meta_container":"","neve_meta_enable_content_width":"off","neve_meta_content_width":0,"neve_meta_title_alignment":"","neve_meta_author_avatar":"","neve_post_elements_order":"","neve_meta_disable_header":"","neve_meta_disable_footer":"","neve_meta_disable_title":"","_ti_tpc_template_sync":false,"_ti_tpc_template_id":""},"product_cat":[19],"product_tag":[],"yoast_head":"<!-- This site is optimized with the Yoast SEO plugin v18.5.1 - https:\/\/yoast.com\/wordpress\/plugins\/seo\/ -->\n<title>Sky view 6 - Kat\u0131rc\u0131o\u011flu Mimarl\u0131k<\/title>\n<meta name=\"robots\" content=\"index, follow, max-snippet:-1, max-image-preview:large, max-video-preview:-1\" \/>\n<link rel=\"canonical\" href=\"https:\/\/test.katircioglumimarlik.com\/index.php\/product\/sky-view-6\/\" \/>\n<meta property=\"og:locale\" content=\"tr_TR\" \/>\n<meta property=\"og:type\" content=\"article\" \/>\n<meta property=\"og:title\" content=\"Sky view 6 - Kat\u0131rc\u0131o\u011flu Mimarl\u0131k\" \/>\n<meta property=\"og:description\" content=\"Consectetur you probably haven\u2019t heard of them put a bird on it, nisi man braid cloud bread fugiat bicycle rights enim gochujang post-ironic. Small batch godard post-ironic brunch williamsburg.  Print dimensions: 1.5m x 90cm  Printed on photopaper\" \/>\n<meta property=\"og:url\" content=\"https:\/\/test.katircioglumimarlik.com\/index.php\/product\/sky-view-6\/\" \/>\n<meta property=\"og:site_name\" content=\"Kat\u0131rc\u0131o\u011flu Mimarl\u0131k\" \/>\n<meta property=\"og:image\" content=\"https:\/\/test.katircioglumimarlik.com\/wp-content\/uploads\/2020\/11\/jake-allison-D3OUeEtO35E-unsplash.jpg\" \/>\n\t<meta property=\"og:image:width\" content=\"900\" \/>\n\t<meta property=\"og:image:height\" content=\"1200\" \/>\n\t<meta property=\"og:image:type\" content=\"image\/jpeg\" \/>\n<meta name=\"twitter:card\" content=\"summary_large_image\" \/>\n<meta name=\"twitter:label1\" content=\"Tahmini okuma s\u00fcresi\" \/>\n\t<meta name=\"twitter:data1\" content=\"1 dakika\" \/>\n<script type=\"application\/ld+json\" class=\"yoast-schema-graph\">{\"@context\":\"https:\/\/schema.org\",\"@graph\":[{\"@type\":\"WebSite\",\"@id\":\"https:\/\/test.katircioglumimarlik.com\/#website\",\"url\":\"https:\/\/test.katircioglumimarlik.com\/\",\"name\":\"Kat\u0131rc\u0131o\u011flu Mimarl\u0131k\",\"description\":\"Just another WordPress site\",\"potentialAction\":[{\"@type\":\"SearchAction\",\"target\":{\"@type\":\"EntryPoint\",\"urlTemplate\":\"https:\/\/test.katircioglumimarlik.com\/?s={search_term_string}\"},\"query-input\":\"required name=search_term_string\"}],\"inLanguage\":\"tr\"},{\"@type\":\"ImageObject\",\"@id\":\"https:\/\/test.katircioglumimarlik.com\/index.php\/product\/sky-view-6\/#primaryimage\",\"inLanguage\":\"tr\",\"url\":\"https:\/\/test.katircioglumimarlik.com\/wp-content\/uploads\/2020\/11\/jake-allison-D3OUeEtO35E-unsplash.jpg\",\"contentUrl\":\"https:\/\/test.katircioglumimarlik.com\/wp-content\/uploads\/2020\/11\/jake-allison-D3OUeEtO35E-unsplash.jpg\",\"width\":900,\"height\":1200},{\"@type\":\"WebPage\",\"@id\":\"https:\/\/test.katircioglumimarlik.com\/index.php\/product\/sky-view-6\/#webpage\",\"url\":\"https:\/\/test.katircioglumimarlik.com\/index.php\/product\/sky-view-6\/\",\"name\":\"Sky view 6 - Kat\u0131rc\u0131o\u011flu Mimarl\u0131k\",\"isPartOf\":{\"@id\":\"https:\/\/test.katircioglumimarlik.com\/#website\"},\"primaryImageOfPage\":{\"@id\":\"https:\/\/test.katircioglumimarlik.com\/index.php\/product\/sky-view-6\/#primaryimage\"},\"datePublished\":\"2020-11-10T18:19:29+00:00\",\"dateModified\":\"2020-11-10T18:19:29+00:00\",\"breadcrumb\":{\"@id\":\"https:\/\/test.katircioglumimarlik.com\/index.php\/product\/sky-view-6\/#breadcrumb\"},\"inLanguage\":\"tr\",\"potentialAction\":[{\"@type\":\"ReadAction\",\"target\":[\"https:\/\/test.katircioglumimarlik.com\/index.php\/product\/sky-view-6\/\"]}]},{\"@type\":\"BreadcrumbList\",\"@id\":\"https:\/\/test.katircioglumimarlik.com\/index.php\/product\/sky-view-6\/#breadcrumb\",\"itemListElement\":[{\"@type\":\"ListItem\",\"position\":1,\"name\":\"Anasayfa\",\"item\":\"https:\/\/test.katircioglumimarlik.com\/\"},{\"@type\":\"ListItem\",\"position\":2,\"name\":\"Shop\",\"item\":\"https:\/\/test.katircioglumimarlik.com\/index.php\/shop\/\"},{\"@type\":\"ListItem\",\"position\":3,\"name\":\"Sky view 6\"}]}]}<\/script>\n<!-- \/ Yoast SEO plugin. -->","yoast_head_json":{"title":"Sky view 6 - Kat\u0131rc\u0131o\u011flu Mimarl\u0131k","robots":{"index":"index","follow":"follow","max-snippet":"max-snippet:-1","max-image-preview":"max-image-preview:large","max-video-preview":"max-video-preview:-1"},"canonical":"https:\/\/test.katircioglumimarlik.com\/index.php\/product\/sky-view-6\/","og_locale":"tr_TR","og_type":"article","og_title":"Sky view 6 - Kat\u0131rc\u0131o\u011flu Mimarl\u0131k","og_description":"Consectetur you probably haven\u2019t heard of them put a bird on it, nisi man braid cloud bread fugiat bicycle rights enim gochujang post-ironic. Small batch godard post-ironic brunch williamsburg.  Print dimensions: 1.5m x 90cm  Printed on photopaper","og_url":"https:\/\/test.katircioglumimarlik.com\/index.php\/product\/sky-view-6\/","og_site_name":"Kat\u0131rc\u0131o\u011flu Mimarl\u0131k","og_image":[{"width":900,"height":1200,"url":"https:\/\/test.katircioglumimarlik.com\/wp-content\/uploads\/2020\/11\/jake-allison-D3OUeEtO35E-unsplash.jpg","type":"image\/jpeg"}],"twitter_card":"summary_large_image","twitter_misc":{"Tahmini okuma s\u00fcresi":"1 dakika"},"schema":{"@context":"https:\/\/schema.org","@graph":[{"@type":"WebSite","@id":"https:\/\/test.katircioglumimarlik.com\/#website","url":"https:\/\/test.katircioglumimarlik.com\/","name":"Kat\u0131rc\u0131o\u011flu Mimarl\u0131k","description":"Just another WordPress site","potentialAction":[{"@type":"SearchAction","target":{"@type":"EntryPoint","urlTemplate":"https:\/\/test.katircioglumimarlik.com\/?s={search_term_string}"},"query-input":"required name=search_term_string"}],"inLanguage":"tr"},{"@type":"ImageObject","@id":"https:\/\/test.katircioglumimarlik.com\/index.php\/product\/sky-view-6\/#primaryimage","inLanguage":"tr","url":"https:\/\/test.katircioglumimarlik.com\/wp-content\/uploads\/2020\/11\/jake-allison-D3OUeEtO35E-unsplash.jpg","contentUrl":"https:\/\/test.katircioglumimarlik.com\/wp-content\/uploads\/2020\/11\/jake-allison-D3OUeEtO35E-unsplash.jpg","width":900,"height":1200},{"@type":"WebPage","@id":"https:\/\/test.katircioglumimarlik.com\/index.php\/product\/sky-view-6\/#webpage","url":"https:\/\/test.katircioglumimarlik.com\/index.php\/product\/sky-view-6\/","name":"Sky view 6 - Kat\u0131rc\u0131o\u011flu Mimarl\u0131k","isPartOf":{"@id":"https:\/\/test.katircioglumimarlik.com\/#website"},"primaryImageOfPage":{"@id":"https:\/\/test.katircioglumimarlik.com\/index.php\/product\/sky-view-6\/#primaryimage"},"datePublished":"2020-11-10T18:19:29+00:00","dateModified":"2020-11-10T18:19:29+00:00","breadcrumb":{"@id":"https:\/\/test.katircioglumimarlik.com\/index.php\/product\/sky-view-6\/#breadcrumb"},"inLanguage":"tr","potentialAction":[{"@type":"ReadAction","target":["https:\/\/test.katircioglumimarlik.com\/index.php\/product\/sky-view-6\/"]}]},{"@type":"BreadcrumbList","@id":"https:\/\/test.katircioglumimarlik.com\/index.php\/product\/sky-view-6\/#breadcrumb","itemListElement":[{"@type":"ListItem","position":1,"name":"Anasayfa","item":"https:\/\/test.katircioglumimarlik.com\/"},{"@type":"ListItem","position":2,"name":"Shop","item":"https:\/\/test.katircioglumimarlik.com\/index.php\/shop\/"},{"@type":"ListItem","position":3,"name":"Sky view 6"}]}]}},"_links":{"self":[{"href":"https:\/\/test.katircioglumimarlik.com\/index.php\/wp-json\/wp\/v2\/product\/318"}],"collection":[{"href":"https:\/\/test.katircioglumimarlik.com\/index.php\/wp-json\/wp\/v2\/product"}],"about":[{"href":"https:\/\/test.katircioglumimarlik.com\/index.php\/wp-json\/wp\/v2\/types\/product"}],"replies":[{"embeddable":true,"href":"https:\/\/test.katircioglumimarlik.com\/index.php\/wp-json\/wp\/v2\/comments?post=318"}],"wp:featuredmedia":[{"embeddable":true,"href":"https:\/\/test.katircioglumimarlik.com\/index.php\/wp-json\/wp\/v2\/media\/284"}],"wp:attachment":[{"href":"https:\/\/test.katircioglumimarlik.com\/index.php\/wp-json\/wp\/v2\/media?parent=318"}],"wp:term":[{"taxonomy":"product_cat","embeddable":true,"href":"https:\/\/test.katircioglumimarlik.com\/index.php\/wp-json\/wp\/v2\/product_cat?post=318"},{"taxonomy":"product_tag","embeddable":true,"href":"https:\/\/test.katircioglumimarlik.com\/index.php\/wp-json\/wp\/v2\/product_tag?post=318"}],"curies":[{"name":"wp","href":"https:\/\/api.w.org\/{rel}","templated":true}]}}